{"id":1502,"date":"2025-04-09T14:40:44","date_gmt":"2025-04-09T12:40:44","guid":{"rendered":"https:\/\/celt.com.ar\/site\/?page_id=1502"},"modified":"2025-04-09T14:41:48","modified_gmt":"2025-04-09T12:41:48","slug":"seguridad-electrica","status":"publish","type":"page","link":"https:\/\/celt.com.ar\/site\/index.php\/seguridad-electrica\/","title":{"rendered":"Seguridad El\u00e9ctrica"},"content":{"rendered":"\t\t<div data-elementor-type=\"wp-page\" data-elementor-id=\"1502\" class=\"elementor elementor-1502\">\n\t\t\t\t<div class=\"elementor-element elementor-element-52f343e e-flex e-con-boxed e-con e-parent\" data-id=\"52f343e\" data-element_type=\"container\">\n\t\t\t\t\t<div class=\"e-con-inner\">\n\t\t\t\t<div class=\"elementor-element elementor-element-227ba4d elementor-widget elementor-widget-text-editor\" data-id=\"227ba4d\" data-element_type=\"widget\" data-widget_type=\"text-editor.default\">\n\t\t\t\t<div class=\"elementor-widget-container\">\n\t\t\t\t\t\t\t<h2>Seguridad en la v\u00eda p\u00fablica<\/h2><p>Le sugerimos a la poblaci\u00f3n las siguientes recomendaciones para transitar con seguridad por la v\u00eda p\u00fablica:<\/p><ul><li>Si encuentra un cable ca\u00eddo en la calle, evite acercarse, tocarlo o permitir que alguien m\u00e1s lo haga.<\/li><li>Si nota que a la caja del medidor u otra caja o gabinete el\u00e9ctrico le falta la tapa, la misma se encuentra abierta o rota, no la toque.<\/li><li>Si observa humo, vapor o fuego en instalaciones el\u00e9ctricas como cajas de medidores, transformadores u otras, mantenga distancia y no intentes extinguirlos. Llame a los bomberos.<\/li><li>Ante postes ca\u00eddos, inclinados o quebrados, evite circular por esa zona.<\/li><li>Si considera que una estructura met\u00e1lica, pilar o pared podr\u00eda estar electrificada, no act\u00faes por tu cuenta y mantenga distancia.<\/li><li>En caso de \u00e1rboles con ramas en contacto con las redes el\u00e9ctricas, no intentes podarlos.<\/li><\/ul><p>En cualquiera de estas situaciones de aviso a la Cooperativa El\u00e9ctrica para que personal capacitado se ocupe de dar soluci\u00f3n al problema.<\/p><p>\u00a0<\/p><h2>Seguridad el\u00e9ctrica en su hogar<\/h2><p><strong>Evite conexiones con triples<\/strong><\/p><ul><li>No enchufe muchos electrodom\u00e9sticos en un mismo tomacorriente, ya que los cables de la instalaci\u00f3n pueden sufrir una sobrecarga y provocar calentamiento y cortocircuitos.<\/li><li>Evite el uso de extensiones o derivaciones improvisadas.<\/li><\/ul><p><strong>Fusibles, llaves y disyuntores<\/strong><\/p><ul><li>Verifique las protecciones t\u00e9rmicas y diferenciales. La carga utilizada debe ser adecuada para el circuito el\u00e9ctrico. Si no conoce la carga real de su casa contacte a un electricista matriculado.<\/li><li>En caso de que se active la protecci\u00f3n t\u00e9rmica y diferencial, determine la causa antes de energizar nuevamente su hogar.<\/li><li>Sustituya\u00a0 los antiguos fusibles por llaves termomagn\u00e9ticas.<\/li><li>Desconecte siempre la llave general antes de realizar una reparaci\u00f3n.<\/li><\/ul><p>En caso de dudas o fallas recurrentes dentro de su hogar contacte siempre a un electricista matriculado.<\/p>\t\t\t\t\t\t<\/div>\n\t\t\t\t<\/div>\n\t\t\t\t\t<\/div>\n\t\t\t\t<\/div>\n\t\t\t\t<\/div>\n\t\t","protected":false},"excerpt":{"rendered":"<p>Seguridad en la v\u00eda p\u00fablica Le sugerimos a la poblaci\u00f3n las siguientes recomendaciones para transitar con seguridad por la v\u00eda p\u00fablica: Si encuentra un cable ca\u00eddo en la calle, evite acercarse, tocarlo o permitir que alguien m\u00e1s lo haga. Si nota que a la caja del medidor u otra caja o gabinete el\u00e9ctrico le falta [&hellip;]<\/p>\n","protected":false},"author":1,"featured_media":0,"parent":0,"menu_order":0,"comment_status":"closed","ping_status":"closed","template":"","meta":{"footnotes":""},"class_list":["post-1502","page","type-page","status-publish","hentry"],"yoast_head":"<!-- This site is optimized with the Yoast SEO plugin v24.1 - https:\/\/yoast.com\/wordpress\/plugins\/seo\/ -->\n<title>Seguridad El\u00e9ctrica - CELT<\/title>\n<meta name=\"robots\" content=\"index, follow, max-snippet:-1, max-image-preview:large, max-video-preview:-1\" \/>\n<link rel=\"canonical\" href=\"https:\/\/celt.com.ar\/site\/index.php\/seguridad-electrica\/\" \/>\n<meta property=\"og:locale\" content=\"es_ES\" \/>\n<meta property=\"og:type\" content=\"article\" \/>\n<meta property=\"og:title\" content=\"Seguridad El\u00e9ctrica - CELT\" \/>\n<meta property=\"og:description\" content=\"Seguridad en la v\u00eda p\u00fablica Le sugerimos a la poblaci\u00f3n las siguientes recomendaciones para transitar con seguridad por la v\u00eda p\u00fablica: Si encuentra un cable ca\u00eddo en la calle, evite acercarse, tocarlo o permitir que alguien m\u00e1s lo haga. Si nota que a la caja del medidor u otra caja o gabinete el\u00e9ctrico le falta [&hellip;]\" \/>\n<meta property=\"og:url\" content=\"https:\/\/celt.com.ar\/site\/index.php\/seguridad-electrica\/\" \/>\n<meta property=\"og:site_name\" content=\"CELT\" \/>\n<meta property=\"article:modified_time\" content=\"2025-04-09T12:41:48+00:00\" \/>\n<meta name=\"twitter:card\" content=\"summary_large_image\" \/>\n<meta name=\"twitter:label1\" content=\"Tiempo de lectura\" \/>\n\t<meta name=\"twitter:data1\" content=\"2 minutos\" \/>\n<script type=\"application\/ld+json\" class=\"yoast-schema-graph\">{\"@context\":\"https:\/\/schema.org\",\"@graph\":[{\"@type\":\"WebPage\",\"@id\":\"https:\/\/celt.com.ar\/site\/index.php\/seguridad-electrica\/\",\"url\":\"https:\/\/celt.com.ar\/site\/index.php\/seguridad-electrica\/\",\"name\":\"Seguridad El\u00e9ctrica - CELT\",\"isPartOf\":{\"@id\":\"https:\/\/celt.com.ar\/site\/#website\"},\"datePublished\":\"2025-04-09T12:40:44+00:00\",\"dateModified\":\"2025-04-09T12:41:48+00:00\",\"breadcrumb\":{\"@id\":\"https:\/\/celt.com.ar\/site\/index.php\/seguridad-electrica\/#breadcrumb\"},\"inLanguage\":\"es\",\"potentialAction\":[{\"@type\":\"ReadAction\",\"target\":[\"https:\/\/celt.com.ar\/site\/index.php\/seguridad-electrica\/\"]}]},{\"@type\":\"BreadcrumbList\",\"@id\":\"https:\/\/celt.com.ar\/site\/index.php\/seguridad-electrica\/#breadcrumb\",\"itemListElement\":[{\"@type\":\"ListItem\",\"position\":1,\"name\":\"Portada\",\"item\":\"https:\/\/celt.com.ar\/site\/\"},{\"@type\":\"ListItem\",\"position\":2,\"name\":\"Seguridad El\u00e9ctrica\"}]},{\"@type\":\"WebSite\",\"@id\":\"https:\/\/celt.com.ar\/site\/#website\",\"url\":\"https:\/\/celt.com.ar\/site\/\",\"name\":\"CELT\",\"description\":\"Cooperativa El\u00e9ctrica de Tornquist\",\"publisher\":{\"@id\":\"https:\/\/celt.com.ar\/site\/#organization\"},\"potentialAction\":[{\"@type\":\"SearchAction\",\"target\":{\"@type\":\"EntryPoint\",\"urlTemplate\":\"https:\/\/celt.com.ar\/site\/?s={search_term_string}\"},\"query-input\":{\"@type\":\"PropertyValueSpecification\",\"valueRequired\":true,\"valueName\":\"search_term_string\"}}],\"inLanguage\":\"es\"},{\"@type\":\"Organization\",\"@id\":\"https:\/\/celt.com.ar\/site\/#organization\",\"name\":\"CELT\",\"url\":\"https:\/\/celt.com.ar\/site\/\",\"logo\":{\"@type\":\"ImageObject\",\"inLanguage\":\"es\",\"@id\":\"https:\/\/celt.com.ar\/site\/#\/schema\/logo\/image\/\",\"url\":\"https:\/\/celt.com.ar\/site\/wp-content\/uploads\/2024\/06\/CELT.png\",\"contentUrl\":\"https:\/\/celt.com.ar\/site\/wp-content\/uploads\/2024\/06\/CELT.png\",\"width\":515,\"height\":574,\"caption\":\"CELT\"},\"image\":{\"@id\":\"https:\/\/celt.com.ar\/site\/#\/schema\/logo\/image\/\"}}]}<\/script>\n<!-- \/ Yoast SEO plugin. -->","yoast_head_json":{"title":"Seguridad El\u00e9ctrica - CELT","robots":{"index":"index","follow":"follow","max-snippet":"max-snippet:-1","max-image-preview":"max-image-preview:large","max-video-preview":"max-video-preview:-1"},"canonical":"https:\/\/celt.com.ar\/site\/index.php\/seguridad-electrica\/","og_locale":"es_ES","og_type":"article","og_title":"Seguridad El\u00e9ctrica - CELT","og_description":"Seguridad en la v\u00eda p\u00fablica Le sugerimos a la poblaci\u00f3n las siguientes recomendaciones para transitar con seguridad por la v\u00eda p\u00fablica: Si encuentra un cable ca\u00eddo en la calle, evite acercarse, tocarlo o permitir que alguien m\u00e1s lo haga. Si nota que a la caja del medidor u otra caja o gabinete el\u00e9ctrico le falta [&hellip;]","og_url":"https:\/\/celt.com.ar\/site\/index.php\/seguridad-electrica\/","og_site_name":"CELT","article_modified_time":"2025-04-09T12:41:48+00:00","twitter_card":"summary_large_image","twitter_misc":{"Tiempo de lectura":"2 minutos"},"schema":{"@context":"https:\/\/schema.org","@graph":[{"@type":"WebPage","@id":"https:\/\/celt.com.ar\/site\/index.php\/seguridad-electrica\/","url":"https:\/\/celt.com.ar\/site\/index.php\/seguridad-electrica\/","name":"Seguridad El\u00e9ctrica - CELT","isPartOf":{"@id":"https:\/\/celt.com.ar\/site\/#website"},"datePublished":"2025-04-09T12:40:44+00:00","dateModified":"2025-04-09T12:41:48+00:00","breadcrumb":{"@id":"https:\/\/celt.com.ar\/site\/index.php\/seguridad-electrica\/#breadcrumb"},"inLanguage":"es","potentialAction":[{"@type":"ReadAction","target":["https:\/\/celt.com.ar\/site\/index.php\/seguridad-electrica\/"]}]},{"@type":"BreadcrumbList","@id":"https:\/\/celt.com.ar\/site\/index.php\/seguridad-electrica\/#breadcrumb","itemListElement":[{"@type":"ListItem","position":1,"name":"Portada","item":"https:\/\/celt.com.ar\/site\/"},{"@type":"ListItem","position":2,"name":"Seguridad El\u00e9ctrica"}]},{"@type":"WebSite","@id":"https:\/\/celt.com.ar\/site\/#website","url":"https:\/\/celt.com.ar\/site\/","name":"CELT","description":"Cooperativa El\u00e9ctrica de Tornquist","publisher":{"@id":"https:\/\/celt.com.ar\/site\/#organization"},"potentialAction":[{"@type":"SearchAction","target":{"@type":"EntryPoint","urlTemplate":"https:\/\/celt.com.ar\/site\/?s={search_term_string}"},"query-input":{"@type":"PropertyValueSpecification","valueRequired":true,"valueName":"search_term_string"}}],"inLanguage":"es"},{"@type":"Organization","@id":"https:\/\/celt.com.ar\/site\/#organization","name":"CELT","url":"https:\/\/celt.com.ar\/site\/","logo":{"@type":"ImageObject","inLanguage":"es","@id":"https:\/\/celt.com.ar\/site\/#\/schema\/logo\/image\/","url":"https:\/\/celt.com.ar\/site\/wp-content\/uploads\/2024\/06\/CELT.png","contentUrl":"https:\/\/celt.com.ar\/site\/wp-content\/uploads\/2024\/06\/CELT.png","width":515,"height":574,"caption":"CELT"},"image":{"@id":"https:\/\/celt.com.ar\/site\/#\/schema\/logo\/image\/"}}]}},"_links":{"self":[{"href":"https:\/\/celt.com.ar\/site\/index.php\/wp-json\/wp\/v2\/pages\/1502","targetHints":{"allow":["GET"]}}],"collection":[{"href":"https:\/\/celt.com.ar\/site\/index.php\/wp-json\/wp\/v2\/pages"}],"about":[{"href":"https:\/\/celt.com.ar\/site\/index.php\/wp-json\/wp\/v2\/types\/page"}],"author":[{"embeddable":true,"href":"https:\/\/celt.com.ar\/site\/index.php\/wp-json\/wp\/v2\/users\/1"}],"replies":[{"embeddable":true,"href":"https:\/\/celt.com.ar\/site\/index.php\/wp-json\/wp\/v2\/comments?post=1502"}],"version-history":[{"count":4,"href":"https:\/\/celt.com.ar\/site\/index.php\/wp-json\/wp\/v2\/pages\/1502\/revisions"}],"predecessor-version":[{"id":1506,"href":"https:\/\/celt.com.ar\/site\/index.php\/wp-json\/wp\/v2\/pages\/1502\/revisions\/1506"}],"wp:attachment":[{"href":"https:\/\/celt.com.ar\/site\/index.php\/wp-json\/wp\/v2\/media?parent=1502"}],"curies":[{"name":"wp","href":"https:\/\/api.w.org\/{rel}","templated":true}]}}