{"id":1735,"date":"2026-04-20T00:56:20","date_gmt":"2026-04-19T22:56:20","guid":{"rendered":"https:\/\/celt.com.ar\/site\/?page_id=1735"},"modified":"2026-04-20T00:59:29","modified_gmt":"2026-04-19T22:59:29","slug":"recursos-humanos","status":"publish","type":"page","link":"https:\/\/celt.com.ar\/site\/index.php\/recursos-humanos\/","title":{"rendered":"Recursos Humanos"},"content":{"rendered":"\t\t<div data-elementor-type=\"wp-page\" data-elementor-id=\"1735\" class=\"elementor elementor-1735\">\n\t\t\t\t<div class=\"elementor-element elementor-element-53c1ab1 e-flex e-con-boxed e-con e-parent\" data-id=\"53c1ab1\" data-element_type=\"container\">\n\t\t\t\t\t<div class=\"e-con-inner\">\n\t\t\t\t<div class=\"elementor-element elementor-element-44bc6ea elementor-widget elementor-widget-text-editor\" data-id=\"44bc6ea\" data-element_type=\"widget\" data-widget_type=\"text-editor.default\">\n\t\t\t\t<div class=\"elementor-widget-container\">\n\t\t\t\t\t\t\t<p data-start=\"103\" data-end=\"130\"><strong data-start=\"103\" data-end=\"130\">Sumate a nuestro equipo<\/strong><\/p><p data-start=\"132\" data-end=\"293\">En la Cooperativa El\u00e9ctrica de Tornquist (CELT) estamos en constante b\u00fasqueda de personas comprometidas, con ganas de crecer y aportar valor a nuestra comunidad.<\/p><p data-start=\"295\" data-end=\"433\">Si te interesa formar parte de nuestro equipo de trabajo, te invitamos a completar el siguiente formulario y adjuntar tu curr\u00edculum vitae.<\/p><p data-start=\"435\" data-end=\"524\">Tu informaci\u00f3n ser\u00e1 considerada para futuras oportunidades laborales acordes a tu perfil.<\/p>\t\t\t\t\t\t<\/div>\n\t\t\t\t<\/div>\n\t\t\t\t<div class=\"elementor-element elementor-element-dc2188f eael-contact-form-7-button-align-left eael-contact-form-7-button-custom elementor-widget elementor-widget-eael-contact-form-7\" data-id=\"dc2188f\" data-element_type=\"widget\" data-widget_type=\"eael-contact-form-7.default\">\n\t\t\t\t<div class=\"elementor-widget-container\">\n\t\t\t<div class=\"eael-contact-form-7-wrapper\">\n                <div class=\"eael-contact-form eael-contact-form-7 eael-contact-form-dc2188f placeholder-show eael-contact-form-align-default\">\n<div class=\"wpcf7 no-js\" id=\"wpcf7-f1734-o1\" lang=\"es-ES\" dir=\"ltr\" data-wpcf7-id=\"1734\">\n<div class=\"screen-reader-response\"><p role=\"status\" aria-live=\"polite\" aria-atomic=\"true\"><\/p> <ul><\/ul><\/div>\n<form action=\"\/site\/index.php\/wp-json\/wp\/v2\/pages\/1735#wpcf7-f1734-o1\" method=\"post\" class=\"wpcf7-form init\" aria-label=\"Formulario de contacto\" enctype=\"multipart\/form-data\" novalidate=\"novalidate\" data-status=\"init\">\n<fieldset class=\"hidden-fields-container\"><input type=\"hidden\" name=\"_wpcf7\" value=\"1734\" \/><input type=\"hidden\" name=\"_wpcf7_version\" value=\"6.1.4\" \/><input type=\"hidden\" name=\"_wpcf7_locale\" value=\"es_ES\" \/><input type=\"hidden\" name=\"_wpcf7_unit_tag\" value=\"wpcf7-f1734-o1\" \/><input type=\"hidden\" name=\"_wpcf7_container_post\" value=\"0\" \/><input type=\"hidden\" name=\"_wpcf7_posted_data_hash\" value=\"\" \/><input type=\"hidden\" name=\"_wpcf7cf_hidden_group_fields\" value=\"[]\" \/><input type=\"hidden\" name=\"_wpcf7cf_hidden_groups\" value=\"[]\" \/><input type=\"hidden\" name=\"_wpcf7cf_visible_groups\" value=\"[]\" \/><input type=\"hidden\" name=\"_wpcf7cf_repeaters\" value=\"[]\" \/><input type=\"hidden\" name=\"_wpcf7cf_steps\" value=\"{}\" \/><input type=\"hidden\" name=\"_wpcf7cf_options\" value=\"{&quot;form_id&quot;:1734,&quot;conditions&quot;:[],&quot;settings&quot;:{&quot;animation&quot;:&quot;yes&quot;,&quot;animation_intime&quot;:200,&quot;animation_outtime&quot;:200,&quot;conditions_ui&quot;:&quot;normal&quot;,&quot;notice_dismissed&quot;:false,&quot;notice_dismissed_rollback-cf7-6.0.1&quot;:true}}\" \/>\n<\/fieldset>\n<p><label> Nombre y Apellido<br \/>\n<span class=\"wpcf7-form-control-wrap\" data-name=\"your-name\"><input size=\"40\" maxlength=\"400\" class=\"wpcf7-form-control wpcf7-text wpcf7-validates-as-required\" autocomplete=\"name\" aria-required=\"true\" aria-invalid=\"false\" value=\"\" type=\"text\" name=\"your-name\" \/><\/span> <\/label>\n<\/p>\n<p><label> Email<br \/>\n<span class=\"wpcf7-form-control-wrap\" data-name=\"your-email\"><input size=\"40\" maxlength=\"400\" class=\"wpcf7-form-control wpcf7-email wpcf7-validates-as-required wpcf7-text wpcf7-validates-as-email\" autocomplete=\"email\" aria-required=\"true\" aria-invalid=\"false\" value=\"\" type=\"email\" name=\"your-email\" \/><\/span> <\/label>\n<\/p>\n<p><label> Tel\u00e9fono<br \/>\n<span class=\"wpcf7-form-control-wrap\" data-name=\"telefono\"><input size=\"40\" maxlength=\"400\" class=\"wpcf7-form-control wpcf7-text wpcf7-validates-as-required\" aria-required=\"true\" aria-invalid=\"false\" value=\"\" type=\"text\" name=\"telefono\" \/><\/span> <\/label>\n<\/p>\n<p><label> Adjunta tu CV (Soporta doc, docx y pdf)<br \/>\n<span class=\"wpcf7-form-control-wrap\" data-name=\"file-734\"><input size=\"40\" class=\"wpcf7-form-control wpcf7-file wpcf7-validates-as-required\" accept=\".pdf,.doc,.docx,.jpg,.png\" aria-required=\"true\" aria-invalid=\"false\" type=\"file\" name=\"file-734\" \/><\/span> <\/label>\n<\/p>\n<p><input class=\"wpcf7-form-control wpcf7-submit has-spinner\" type=\"submit\" value=\"Enviar\" \/>\n<\/p><div class=\"wpcf7-response-output\" aria-hidden=\"true\"><\/div>\n<\/form>\n<\/div>\n<\/div>\n            <\/div>\t\t<\/div>\n\t\t\t\t<\/div>\n\t\t\t\t\t<\/div>\n\t\t\t\t<\/div>\n\t\t\t\t<\/div>\n\t\t","protected":false},"excerpt":{"rendered":"<p>Sumate a nuestro equipo En la Cooperativa El\u00e9ctrica de Tornquist (CELT) estamos en constante b\u00fasqueda de personas comprometidas, con ganas de crecer y aportar valor a nuestra comunidad. Si te interesa formar parte de nuestro equipo de trabajo, te invitamos a completar el siguiente formulario y adjuntar tu curr\u00edculum vitae. Tu informaci\u00f3n ser\u00e1 considerada para [&hellip;]<\/p>\n","protected":false},"author":1,"featured_media":0,"parent":0,"menu_order":0,"comment_status":"closed","ping_status":"closed","template":"","meta":{"footnotes":""},"class_list":["post-1735","page","type-page","status-publish","hentry"],"yoast_head":"<!-- This site is optimized with the Yoast SEO plugin v24.1 - https:\/\/yoast.com\/wordpress\/plugins\/seo\/ -->\n<title>Recursos Humanos - CELT<\/title>\n<meta name=\"robots\" content=\"index, follow, max-snippet:-1, max-image-preview:large, max-video-preview:-1\" \/>\n<link rel=\"canonical\" href=\"https:\/\/celt.com.ar\/site\/index.php\/recursos-humanos\/\" \/>\n<meta property=\"og:locale\" content=\"es_ES\" \/>\n<meta property=\"og:type\" content=\"article\" \/>\n<meta property=\"og:title\" content=\"Recursos Humanos - CELT\" \/>\n<meta property=\"og:description\" content=\"Sumate a nuestro equipo En la Cooperativa El\u00e9ctrica de Tornquist (CELT) estamos en constante b\u00fasqueda de personas comprometidas, con ganas de crecer y aportar valor a nuestra comunidad. Si te interesa formar parte de nuestro equipo de trabajo, te invitamos a completar el siguiente formulario y adjuntar tu curr\u00edculum vitae. Tu informaci\u00f3n ser\u00e1 considerada para [&hellip;]\" \/>\n<meta property=\"og:url\" content=\"https:\/\/celt.com.ar\/site\/index.php\/recursos-humanos\/\" \/>\n<meta property=\"og:site_name\" content=\"CELT\" \/>\n<meta property=\"article:modified_time\" content=\"2026-04-19T22:59:29+00:00\" \/>\n<meta name=\"twitter:card\" content=\"summary_large_image\" \/>\n<meta name=\"twitter:label1\" content=\"Tiempo de lectura\" \/>\n\t<meta name=\"twitter:data1\" content=\"1 minuto\" \/>\n<script type=\"application\/ld+json\" class=\"yoast-schema-graph\">{\"@context\":\"https:\/\/schema.org\",\"@graph\":[{\"@type\":\"WebPage\",\"@id\":\"https:\/\/celt.com.ar\/site\/index.php\/recursos-humanos\/\",\"url\":\"https:\/\/celt.com.ar\/site\/index.php\/recursos-humanos\/\",\"name\":\"Recursos Humanos - CELT\",\"isPartOf\":{\"@id\":\"https:\/\/celt.com.ar\/site\/#website\"},\"datePublished\":\"2026-04-19T22:56:20+00:00\",\"dateModified\":\"2026-04-19T22:59:29+00:00\",\"breadcrumb\":{\"@id\":\"https:\/\/celt.com.ar\/site\/index.php\/recursos-humanos\/#breadcrumb\"},\"inLanguage\":\"es\",\"potentialAction\":[{\"@type\":\"ReadAction\",\"target\":[\"https:\/\/celt.com.ar\/site\/index.php\/recursos-humanos\/\"]}]},{\"@type\":\"BreadcrumbList\",\"@id\":\"https:\/\/celt.com.ar\/site\/index.php\/recursos-humanos\/#breadcrumb\",\"itemListElement\":[{\"@type\":\"ListItem\",\"position\":1,\"name\":\"Portada\",\"item\":\"https:\/\/celt.com.ar\/site\/\"},{\"@type\":\"ListItem\",\"position\":2,\"name\":\"Recursos Humanos\"}]},{\"@type\":\"WebSite\",\"@id\":\"https:\/\/celt.com.ar\/site\/#website\",\"url\":\"https:\/\/celt.com.ar\/site\/\",\"name\":\"CELT\",\"description\":\"Cooperativa El\u00e9ctrica de Tornquist\",\"publisher\":{\"@id\":\"https:\/\/celt.com.ar\/site\/#organization\"},\"potentialAction\":[{\"@type\":\"SearchAction\",\"target\":{\"@type\":\"EntryPoint\",\"urlTemplate\":\"https:\/\/celt.com.ar\/site\/?s={search_term_string}\"},\"query-input\":{\"@type\":\"PropertyValueSpecification\",\"valueRequired\":true,\"valueName\":\"search_term_string\"}}],\"inLanguage\":\"es\"},{\"@type\":\"Organization\",\"@id\":\"https:\/\/celt.com.ar\/site\/#organization\",\"name\":\"CELT\",\"url\":\"https:\/\/celt.com.ar\/site\/\",\"logo\":{\"@type\":\"ImageObject\",\"inLanguage\":\"es\",\"@id\":\"https:\/\/celt.com.ar\/site\/#\/schema\/logo\/image\/\",\"url\":\"https:\/\/celt.com.ar\/site\/wp-content\/uploads\/2024\/06\/CELT.png\",\"contentUrl\":\"https:\/\/celt.com.ar\/site\/wp-content\/uploads\/2024\/06\/CELT.png\",\"width\":515,\"height\":574,\"caption\":\"CELT\"},\"image\":{\"@id\":\"https:\/\/celt.com.ar\/site\/#\/schema\/logo\/image\/\"}}]}<\/script>\n<!-- \/ Yoast SEO plugin. -->","yoast_head_json":{"title":"Recursos Humanos - CELT","robots":{"index":"index","follow":"follow","max-snippet":"max-snippet:-1","max-image-preview":"max-image-preview:large","max-video-preview":"max-video-preview:-1"},"canonical":"https:\/\/celt.com.ar\/site\/index.php\/recursos-humanos\/","og_locale":"es_ES","og_type":"article","og_title":"Recursos Humanos - CELT","og_description":"Sumate a nuestro equipo En la Cooperativa El\u00e9ctrica de Tornquist (CELT) estamos en constante b\u00fasqueda de personas comprometidas, con ganas de crecer y aportar valor a nuestra comunidad. Si te interesa formar parte de nuestro equipo de trabajo, te invitamos a completar el siguiente formulario y adjuntar tu curr\u00edculum vitae. Tu informaci\u00f3n ser\u00e1 considerada para [&hellip;]","og_url":"https:\/\/celt.com.ar\/site\/index.php\/recursos-humanos\/","og_site_name":"CELT","article_modified_time":"2026-04-19T22:59:29+00:00","twitter_card":"summary_large_image","twitter_misc":{"Tiempo de lectura":"1 minuto"},"schema":{"@context":"https:\/\/schema.org","@graph":[{"@type":"WebPage","@id":"https:\/\/celt.com.ar\/site\/index.php\/recursos-humanos\/","url":"https:\/\/celt.com.ar\/site\/index.php\/recursos-humanos\/","name":"Recursos Humanos - CELT","isPartOf":{"@id":"https:\/\/celt.com.ar\/site\/#website"},"datePublished":"2026-04-19T22:56:20+00:00","dateModified":"2026-04-19T22:59:29+00:00","breadcrumb":{"@id":"https:\/\/celt.com.ar\/site\/index.php\/recursos-humanos\/#breadcrumb"},"inLanguage":"es","potentialAction":[{"@type":"ReadAction","target":["https:\/\/celt.com.ar\/site\/index.php\/recursos-humanos\/"]}]},{"@type":"BreadcrumbList","@id":"https:\/\/celt.com.ar\/site\/index.php\/recursos-humanos\/#breadcrumb","itemListElement":[{"@type":"ListItem","position":1,"name":"Portada","item":"https:\/\/celt.com.ar\/site\/"},{"@type":"ListItem","position":2,"name":"Recursos Humanos"}]},{"@type":"WebSite","@id":"https:\/\/celt.com.ar\/site\/#website","url":"https:\/\/celt.com.ar\/site\/","name":"CELT","description":"Cooperativa El\u00e9ctrica de Tornquist","publisher":{"@id":"https:\/\/celt.com.ar\/site\/#organization"},"potentialAction":[{"@type":"SearchAction","target":{"@type":"EntryPoint","urlTemplate":"https:\/\/celt.com.ar\/site\/?s={search_term_string}"},"query-input":{"@type":"PropertyValueSpecification","valueRequired":true,"valueName":"search_term_string"}}],"inLanguage":"es"},{"@type":"Organization","@id":"https:\/\/celt.com.ar\/site\/#organization","name":"CELT","url":"https:\/\/celt.com.ar\/site\/","logo":{"@type":"ImageObject","inLanguage":"es","@id":"https:\/\/celt.com.ar\/site\/#\/schema\/logo\/image\/","url":"https:\/\/celt.com.ar\/site\/wp-content\/uploads\/2024\/06\/CELT.png","contentUrl":"https:\/\/celt.com.ar\/site\/wp-content\/uploads\/2024\/06\/CELT.png","width":515,"height":574,"caption":"CELT"},"image":{"@id":"https:\/\/celt.com.ar\/site\/#\/schema\/logo\/image\/"}}]}},"_links":{"self":[{"href":"https:\/\/celt.com.ar\/site\/index.php\/wp-json\/wp\/v2\/pages\/1735","targetHints":{"allow":["GET"]}}],"collection":[{"href":"https:\/\/celt.com.ar\/site\/index.php\/wp-json\/wp\/v2\/pages"}],"about":[{"href":"https:\/\/celt.com.ar\/site\/index.php\/wp-json\/wp\/v2\/types\/page"}],"author":[{"embeddable":true,"href":"https:\/\/celt.com.ar\/site\/index.php\/wp-json\/wp\/v2\/users\/1"}],"replies":[{"embeddable":true,"href":"https:\/\/celt.com.ar\/site\/index.php\/wp-json\/wp\/v2\/comments?post=1735"}],"version-history":[{"count":10,"href":"https:\/\/celt.com.ar\/site\/index.php\/wp-json\/wp\/v2\/pages\/1735\/revisions"}],"predecessor-version":[{"id":1745,"href":"https:\/\/celt.com.ar\/site\/index.php\/wp-json\/wp\/v2\/pages\/1735\/revisions\/1745"}],"wp:attachment":[{"href":"https:\/\/celt.com.ar\/site\/index.php\/wp-json\/wp\/v2\/media?parent=1735"}],"curies":[{"name":"wp","href":"https:\/\/api.w.org\/{rel}","templated":true}]}}