{"id":537,"date":"2024-07-23T17:14:26","date_gmt":"2024-07-23T15:14:26","guid":{"rendered":"https:\/\/celt.com.ar\/site\/?page_id=537"},"modified":"2025-04-21T21:05:14","modified_gmt":"2025-04-21T19:05:14","slug":"electricidad","status":"publish","type":"page","link":"https:\/\/celt.com.ar\/site\/index.php\/electricidad\/","title":{"rendered":"Electricidad"},"content":{"rendered":"\t\t<div data-elementor-type=\"wp-page\" data-elementor-id=\"537\" class=\"elementor elementor-537\">\n\t\t\t\t<div class=\"elementor-element elementor-element-5b1fe75 e-flex e-con-boxed e-con e-parent\" data-id=\"5b1fe75\" data-element_type=\"container\">\n\t\t\t\t\t<div class=\"e-con-inner\">\n\t\t<div class=\"elementor-element elementor-element-4d65601 e-con-full e-flex e-con e-child\" data-id=\"4d65601\" data-element_type=\"container\">\n\t\t\t\t<div class=\"elementor-element elementor-element-754009c elementor-widget elementor-widget-image\" data-id=\"754009c\" data-element_type=\"widget\" data-widget_type=\"image.default\">\n\t\t\t\t<div class=\"elementor-widget-container\">\n\t\t\t\t\t\t\t\t\t\t<figure class=\"wp-caption\">\n\t\t\t\t\t\t\t\t\t\t<img fetchpriority=\"high\" decoding=\"async\" width=\"225\" height=\"300\" src=\"https:\/\/celt.com.ar\/site\/wp-content\/uploads\/2024\/07\/energia-hidrogura-5-225x300.jpg\" class=\"attachment-medium size-medium wp-image-545\" alt=\"\" srcset=\"https:\/\/celt.com.ar\/site\/wp-content\/uploads\/2024\/07\/energia-hidrogura-5-225x300.jpg 225w, https:\/\/celt.com.ar\/site\/wp-content\/uploads\/2024\/07\/energia-hidrogura-5-768x1024.jpg 768w, https:\/\/celt.com.ar\/site\/wp-content\/uploads\/2024\/07\/energia-hidrogura-5-1152x1536.jpg 1152w, https:\/\/celt.com.ar\/site\/wp-content\/uploads\/2024\/07\/energia-hidrogura-5.jpg 1200w\" sizes=\"(max-width: 225px) 100vw, 225px\" \/>\t\t\t\t\t\t\t\t\t\t\t<figcaption class=\"widget-image-caption wp-caption-text\">Hidrogr\u00faa en tabajo rural<\/figcaption>\n\t\t\t\t\t\t\t\t\t\t<\/figure>\n\t\t\t\t\t\t\t<\/div>\n\t\t\t\t<\/div>\n\t\t\t\t<div class=\"elementor-element elementor-element-bcb4c27 elementor-widget elementor-widget-image\" data-id=\"bcb4c27\" data-element_type=\"widget\" data-widget_type=\"image.default\">\n\t\t\t\t<div class=\"elementor-widget-container\">\n\t\t\t\t\t\t\t\t\t\t<figure class=\"wp-caption\">\n\t\t\t\t\t\t\t\t\t\t<img decoding=\"async\" width=\"225\" height=\"300\" src=\"https:\/\/celt.com.ar\/site\/wp-content\/uploads\/2024\/07\/instalaciones-electricas-225x300.jpg\" class=\"attachment-medium size-medium wp-image-549\" alt=\"\" srcset=\"https:\/\/celt.com.ar\/site\/wp-content\/uploads\/2024\/07\/instalaciones-electricas-225x300.jpg 225w, https:\/\/celt.com.ar\/site\/wp-content\/uploads\/2024\/07\/instalaciones-electricas-768x1024.jpg 768w, https:\/\/celt.com.ar\/site\/wp-content\/uploads\/2024\/07\/instalaciones-electricas-1152x1536.jpg 1152w, https:\/\/celt.com.ar\/site\/wp-content\/uploads\/2024\/07\/instalaciones-electricas.jpg 1200w\" sizes=\"(max-width: 225px) 100vw, 225px\" \/>\t\t\t\t\t\t\t\t\t\t\t<figcaption class=\"widget-image-caption wp-caption-text\">Instalaciones el\u00e9ctricas<\/figcaption>\n\t\t\t\t\t\t\t\t\t\t<\/figure>\n\t\t\t\t\t\t\t<\/div>\n\t\t\t\t<\/div>\n\t\t\t\t<\/div>\n\t\t<div class=\"elementor-element elementor-element-4858e79 e-con-full e-flex e-con e-child\" data-id=\"4858e79\" data-element_type=\"container\">\n\t\t\t\t<div class=\"elementor-element elementor-element-711b55e elementor-widget elementor-widget-heading\" data-id=\"711b55e\" data-element_type=\"widget\" data-widget_type=\"heading.default\">\n\t\t\t\t<div class=\"elementor-widget-container\">\n\t\t\t<h2 class=\"elementor-heading-title elementor-size-default\">Trabajamos para brindar <br>servicio de calidad<\/h2>\t\t<\/div>\n\t\t\t\t<\/div>\n\t\t\t\t<div class=\"elementor-element elementor-element-86c9375 elementor-widget-divider--view-line elementor-widget elementor-widget-divider\" data-id=\"86c9375\" data-element_type=\"widget\" data-widget_type=\"divider.default\">\n\t\t\t\t<div class=\"elementor-widget-container\">\n\t\t\t\t\t<div class=\"elementor-divider\">\n\t\t\t<span class=\"elementor-divider-separator\">\n\t\t\t\t\t\t<\/span>\n\t\t<\/div>\n\t\t\t\t<\/div>\n\t\t\t\t<\/div>\n\t\t\t\t<div class=\"elementor-element elementor-element-339049a elementor-widget elementor-widget-text-editor\" data-id=\"339049a\" data-element_type=\"widget\" data-widget_type=\"text-editor.default\">\n\t\t\t\t<div class=\"elementor-widget-container\">\n\t\t\t\t\t\t\t<p>La Cooperativa El\u00e9ctrica Limitada de Tornquist (CELT) es una entidad cooperativa a cargo de la prestaci\u00f3n del servicio el\u00e9ctrico en una basta \u00e1rea del partido de Tornquist, Buenos Aires, Rep\u00fablica Argentina, en una amplia zona de concesi\u00f3n tanto rural como urbana llevando energ\u00eda el\u00e9ctrica a mas de 6.000 asociados.<br \/><br \/>En la CELT trabajamos cada d\u00eda con el objetivo de brindar un servicio de calidad, resolviendo necesidades generales y espec\u00edficas de nuestros asociados, invirtiendo continuamente en el mantenimiento y mejora de las instalaciones y formando parte activamente de la comunidad donde desarrollamos nuestras actividades.<\/p><p>La CELT ofrece servicios el\u00e9ctricos residenciales, comerciales, industriales sin perder nunca el foco en el servicio rural, fundamental en el desarrollo socioecon\u00f3mico de la regi\u00f3n.\u00a0<\/p>\t\t\t\t\t\t<\/div>\n\t\t\t\t<\/div>\n\t\t<div class=\"elementor-element elementor-element-4c54663 e-grid e-con-full e-con e-child\" data-id=\"4c54663\" data-element_type=\"container\">\n\t\t\t\t<div class=\"elementor-element elementor-element-e138e77 elementor-widget elementor-widget-image\" data-id=\"e138e77\" data-element_type=\"widget\" data-widget_type=\"image.default\">\n\t\t\t\t<div class=\"elementor-widget-container\">\n\t\t\t\t\t\t\t\t\t\t\t\t\t\t<a href=\"https:\/\/www.oceba.gba.gov.ar\/nueva_web\/s.php?i=100\">\n\t\t\t\t\t\t\t<img decoding=\"async\" src=\"https:\/\/celt.com.ar\/site\/wp-content\/uploads\/2024\/07\/consumo-1.png\" title=\"\" alt=\"\" loading=\"lazy\" \/>\t\t\t\t\t\t\t\t<\/a>\n\t\t\t\t\t\t\t\t\t\t\t\t\t<\/div>\n\t\t\t\t<\/div>\n\t\t\t\t<div class=\"elementor-element elementor-element-174d5a8 elementor-widget elementor-widget-image\" data-id=\"174d5a8\" data-element_type=\"widget\" data-widget_type=\"image.default\">\n\t\t\t\t<div class=\"elementor-widget-container\">\n\t\t\t\t\t\t\t\t\t\t\t\t\t\t<a href=\"https:\/\/oceba.gba.gov.ar\/nueva_web\/s.php?i=17\">\n\t\t\t\t\t\t\t<img decoding=\"async\" src=\"https:\/\/celt.com.ar\/site\/wp-content\/uploads\/2024\/07\/tarifario.png\" title=\"\" alt=\"\" loading=\"lazy\" \/>\t\t\t\t\t\t\t\t<\/a>\n\t\t\t\t\t\t\t\t\t\t\t\t\t<\/div>\n\t\t\t\t<\/div>\n\t\t\t\t<div class=\"elementor-element elementor-element-d626be1 elementor-widget elementor-widget-image\" data-id=\"d626be1\" data-element_type=\"widget\" data-widget_type=\"image.default\">\n\t\t\t\t<div class=\"elementor-widget-container\">\n\t\t\t\t\t\t\t\t\t\t\t\t\t\t<a href=\"https:\/\/celt.com.ar\/site\/index.php\/seguridad-electrica\/\">\n\t\t\t\t\t\t\t<img decoding=\"async\" width=\"300\" height=\"119\" src=\"https:\/\/celt.com.ar\/site\/wp-content\/uploads\/2025\/04\/seguridad-electrica-v4.png\" class=\"attachment-large size-large wp-image-1521\" alt=\"\" \/>\t\t\t\t\t\t\t\t<\/a>\n\t\t\t\t\t\t\t\t\t\t\t\t\t<\/div>\n\t\t\t\t<\/div>\n\t\t\t\t<div class=\"elementor-element elementor-element-26a6ee4 elementor-widget elementor-widget-image\" data-id=\"26a6ee4\" data-element_type=\"widget\" data-widget_type=\"image.default\">\n\t\t\t\t<div class=\"elementor-widget-container\">\n\t\t\t\t\t\t\t\t\t\t\t\t\t\t<a href=\"https:\/\/www.oceba.gba.gov.ar\/\">\n\t\t\t\t\t\t\t<img loading=\"lazy\" decoding=\"async\" width=\"471\" height=\"104\" src=\"https:\/\/celt.com.ar\/site\/wp-content\/uploads\/2024\/07\/oceba.png\" class=\"attachment-full size-full wp-image-566\" alt=\"\" srcset=\"https:\/\/celt.com.ar\/site\/wp-content\/uploads\/2024\/07\/oceba.png 471w, https:\/\/celt.com.ar\/site\/wp-content\/uploads\/2024\/07\/oceba-300x66.png 300w\" sizes=\"(max-width: 471px) 100vw, 471px\" \/>\t\t\t\t\t\t\t\t<\/a>\n\t\t\t\t\t\t\t\t\t\t\t\t\t<\/div>\n\t\t\t\t<\/div>\n\t\t\t\t<\/div>\n\t\t\t\t<\/div>\n\t\t\t\t\t<\/div>\n\t\t\t\t<\/div>\n\t\t\t\t<\/div>\n\t\t","protected":false},"excerpt":{"rendered":"<p>Hidrogr\u00faa en tabajo rural Instalaciones el\u00e9ctricas Trabajamos para brindar servicio de calidad La Cooperativa El\u00e9ctrica Limitada de Tornquist (CELT) es una entidad cooperativa a cargo de la prestaci\u00f3n del servicio el\u00e9ctrico en una basta \u00e1rea del partido de Tornquist, Buenos Aires, Rep\u00fablica Argentina, en una amplia zona de concesi\u00f3n tanto rural como urbana llevando energ\u00eda [&hellip;]<\/p>\n","protected":false},"author":1,"featured_media":0,"parent":0,"menu_order":0,"comment_status":"closed","ping_status":"closed","template":"elementor_header_footer","meta":{"footnotes":""},"class_list":["post-537","page","type-page","status-publish","hentry"],"yoast_head":"<!-- This site is optimized with the Yoast SEO plugin v24.1 - https:\/\/yoast.com\/wordpress\/plugins\/seo\/ -->\n<title>Electricidad - CELT<\/title>\n<meta name=\"robots\" content=\"index, follow, max-snippet:-1, max-image-preview:large, max-video-preview:-1\" \/>\n<link rel=\"canonical\" href=\"https:\/\/celt.com.ar\/site\/index.php\/electricidad\/\" \/>\n<meta property=\"og:locale\" content=\"es_ES\" \/>\n<meta property=\"og:type\" content=\"article\" \/>\n<meta property=\"og:title\" content=\"Electricidad - CELT\" \/>\n<meta property=\"og:description\" content=\"Hidrogr\u00faa en tabajo rural Instalaciones el\u00e9ctricas Trabajamos para brindar servicio de calidad La Cooperativa El\u00e9ctrica Limitada de Tornquist (CELT) es una entidad cooperativa a cargo de la prestaci\u00f3n del servicio el\u00e9ctrico en una basta \u00e1rea del partido de Tornquist, Buenos Aires, Rep\u00fablica Argentina, en una amplia zona de concesi\u00f3n tanto rural como urbana llevando energ\u00eda [&hellip;]\" \/>\n<meta property=\"og:url\" content=\"https:\/\/celt.com.ar\/site\/index.php\/electricidad\/\" \/>\n<meta property=\"og:site_name\" content=\"CELT\" \/>\n<meta property=\"article:modified_time\" content=\"2025-04-21T19:05:14+00:00\" \/>\n<meta property=\"og:image\" content=\"https:\/\/celt.com.ar\/site\/wp-content\/uploads\/2024\/07\/energia-hidrogura-5.jpg\" \/>\n\t<meta property=\"og:image:width\" content=\"1200\" \/>\n\t<meta property=\"og:image:height\" content=\"1600\" \/>\n\t<meta property=\"og:image:type\" content=\"image\/jpeg\" \/>\n<meta name=\"twitter:card\" content=\"summary_large_image\" \/>\n<meta name=\"twitter:label1\" content=\"Tiempo de lectura\" \/>\n\t<meta name=\"twitter:data1\" content=\"2 minutos\" \/>\n<script type=\"application\/ld+json\" class=\"yoast-schema-graph\">{\"@context\":\"https:\/\/schema.org\",\"@graph\":[{\"@type\":\"WebPage\",\"@id\":\"https:\/\/celt.com.ar\/site\/index.php\/electricidad\/\",\"url\":\"https:\/\/celt.com.ar\/site\/index.php\/electricidad\/\",\"name\":\"Electricidad - CELT\",\"isPartOf\":{\"@id\":\"https:\/\/celt.com.ar\/site\/#website\"},\"primaryImageOfPage\":{\"@id\":\"https:\/\/celt.com.ar\/site\/index.php\/electricidad\/#primaryimage\"},\"image\":{\"@id\":\"https:\/\/celt.com.ar\/site\/index.php\/electricidad\/#primaryimage\"},\"thumbnailUrl\":\"https:\/\/celt.com.ar\/site\/wp-content\/uploads\/2024\/07\/energia-hidrogura-5-225x300.jpg\",\"datePublished\":\"2024-07-23T15:14:26+00:00\",\"dateModified\":\"2025-04-21T19:05:14+00:00\",\"breadcrumb\":{\"@id\":\"https:\/\/celt.com.ar\/site\/index.php\/electricidad\/#breadcrumb\"},\"inLanguage\":\"es\",\"potentialAction\":[{\"@type\":\"ReadAction\",\"target\":[\"https:\/\/celt.com.ar\/site\/index.php\/electricidad\/\"]}]},{\"@type\":\"ImageObject\",\"inLanguage\":\"es\",\"@id\":\"https:\/\/celt.com.ar\/site\/index.php\/electricidad\/#primaryimage\",\"url\":\"https:\/\/celt.com.ar\/site\/wp-content\/uploads\/2024\/07\/energia-hidrogura-5.jpg\",\"contentUrl\":\"https:\/\/celt.com.ar\/site\/wp-content\/uploads\/2024\/07\/energia-hidrogura-5.jpg\",\"width\":1200,\"height\":1600},{\"@type\":\"BreadcrumbList\",\"@id\":\"https:\/\/celt.com.ar\/site\/index.php\/electricidad\/#breadcrumb\",\"itemListElement\":[{\"@type\":\"ListItem\",\"position\":1,\"name\":\"Portada\",\"item\":\"https:\/\/celt.com.ar\/site\/\"},{\"@type\":\"ListItem\",\"position\":2,\"name\":\"Electricidad\"}]},{\"@type\":\"WebSite\",\"@id\":\"https:\/\/celt.com.ar\/site\/#website\",\"url\":\"https:\/\/celt.com.ar\/site\/\",\"name\":\"CELT\",\"description\":\"Cooperativa El\u00e9ctrica de Tornquist\",\"publisher\":{\"@id\":\"https:\/\/celt.com.ar\/site\/#organization\"},\"potentialAction\":[{\"@type\":\"SearchAction\",\"target\":{\"@type\":\"EntryPoint\",\"urlTemplate\":\"https:\/\/celt.com.ar\/site\/?s={search_term_string}\"},\"query-input\":{\"@type\":\"PropertyValueSpecification\",\"valueRequired\":true,\"valueName\":\"search_term_string\"}}],\"inLanguage\":\"es\"},{\"@type\":\"Organization\",\"@id\":\"https:\/\/celt.com.ar\/site\/#organization\",\"name\":\"CELT\",\"url\":\"https:\/\/celt.com.ar\/site\/\",\"logo\":{\"@type\":\"ImageObject\",\"inLanguage\":\"es\",\"@id\":\"https:\/\/celt.com.ar\/site\/#\/schema\/logo\/image\/\",\"url\":\"https:\/\/celt.com.ar\/site\/wp-content\/uploads\/2024\/06\/CELT.png\",\"contentUrl\":\"https:\/\/celt.com.ar\/site\/wp-content\/uploads\/2024\/06\/CELT.png\",\"width\":515,\"height\":574,\"caption\":\"CELT\"},\"image\":{\"@id\":\"https:\/\/celt.com.ar\/site\/#\/schema\/logo\/image\/\"}}]}<\/script>\n<!-- \/ Yoast SEO plugin. -->","yoast_head_json":{"title":"Electricidad - CELT","robots":{"index":"index","follow":"follow","max-snippet":"max-snippet:-1","max-image-preview":"max-image-preview:large","max-video-preview":"max-video-preview:-1"},"canonical":"https:\/\/celt.com.ar\/site\/index.php\/electricidad\/","og_locale":"es_ES","og_type":"article","og_title":"Electricidad - CELT","og_description":"Hidrogr\u00faa en tabajo rural Instalaciones el\u00e9ctricas Trabajamos para brindar servicio de calidad La Cooperativa El\u00e9ctrica Limitada de Tornquist (CELT) es una entidad cooperativa a cargo de la prestaci\u00f3n del servicio el\u00e9ctrico en una basta \u00e1rea del partido de Tornquist, Buenos Aires, Rep\u00fablica Argentina, en una amplia zona de concesi\u00f3n tanto rural como urbana llevando energ\u00eda [&hellip;]","og_url":"https:\/\/celt.com.ar\/site\/index.php\/electricidad\/","og_site_name":"CELT","article_modified_time":"2025-04-21T19:05:14+00:00","og_image":[{"width":1200,"height":1600,"url":"https:\/\/celt.com.ar\/site\/wp-content\/uploads\/2024\/07\/energia-hidrogura-5.jpg","type":"image\/jpeg"}],"twitter_card":"summary_large_image","twitter_misc":{"Tiempo de lectura":"2 minutos"},"schema":{"@context":"https:\/\/schema.org","@graph":[{"@type":"WebPage","@id":"https:\/\/celt.com.ar\/site\/index.php\/electricidad\/","url":"https:\/\/celt.com.ar\/site\/index.php\/electricidad\/","name":"Electricidad - CELT","isPartOf":{"@id":"https:\/\/celt.com.ar\/site\/#website"},"primaryImageOfPage":{"@id":"https:\/\/celt.com.ar\/site\/index.php\/electricidad\/#primaryimage"},"image":{"@id":"https:\/\/celt.com.ar\/site\/index.php\/electricidad\/#primaryimage"},"thumbnailUrl":"https:\/\/celt.com.ar\/site\/wp-content\/uploads\/2024\/07\/energia-hidrogura-5-225x300.jpg","datePublished":"2024-07-23T15:14:26+00:00","dateModified":"2025-04-21T19:05:14+00:00","breadcrumb":{"@id":"https:\/\/celt.com.ar\/site\/index.php\/electricidad\/#breadcrumb"},"inLanguage":"es","potentialAction":[{"@type":"ReadAction","target":["https:\/\/celt.com.ar\/site\/index.php\/electricidad\/"]}]},{"@type":"ImageObject","inLanguage":"es","@id":"https:\/\/celt.com.ar\/site\/index.php\/electricidad\/#primaryimage","url":"https:\/\/celt.com.ar\/site\/wp-content\/uploads\/2024\/07\/energia-hidrogura-5.jpg","contentUrl":"https:\/\/celt.com.ar\/site\/wp-content\/uploads\/2024\/07\/energia-hidrogura-5.jpg","width":1200,"height":1600},{"@type":"BreadcrumbList","@id":"https:\/\/celt.com.ar\/site\/index.php\/electricidad\/#breadcrumb","itemListElement":[{"@type":"ListItem","position":1,"name":"Portada","item":"https:\/\/celt.com.ar\/site\/"},{"@type":"ListItem","position":2,"name":"Electricidad"}]},{"@type":"WebSite","@id":"https:\/\/celt.com.ar\/site\/#website","url":"https:\/\/celt.com.ar\/site\/","name":"CELT","description":"Cooperativa El\u00e9ctrica de Tornquist","publisher":{"@id":"https:\/\/celt.com.ar\/site\/#organization"},"potentialAction":[{"@type":"SearchAction","target":{"@type":"EntryPoint","urlTemplate":"https:\/\/celt.com.ar\/site\/?s={search_term_string}"},"query-input":{"@type":"PropertyValueSpecification","valueRequired":true,"valueName":"search_term_string"}}],"inLanguage":"es"},{"@type":"Organization","@id":"https:\/\/celt.com.ar\/site\/#organization","name":"CELT","url":"https:\/\/celt.com.ar\/site\/","logo":{"@type":"ImageObject","inLanguage":"es","@id":"https:\/\/celt.com.ar\/site\/#\/schema\/logo\/image\/","url":"https:\/\/celt.com.ar\/site\/wp-content\/uploads\/2024\/06\/CELT.png","contentUrl":"https:\/\/celt.com.ar\/site\/wp-content\/uploads\/2024\/06\/CELT.png","width":515,"height":574,"caption":"CELT"},"image":{"@id":"https:\/\/celt.com.ar\/site\/#\/schema\/logo\/image\/"}}]}},"_links":{"self":[{"href":"https:\/\/celt.com.ar\/site\/index.php\/wp-json\/wp\/v2\/pages\/537","targetHints":{"allow":["GET"]}}],"collection":[{"href":"https:\/\/celt.com.ar\/site\/index.php\/wp-json\/wp\/v2\/pages"}],"about":[{"href":"https:\/\/celt.com.ar\/site\/index.php\/wp-json\/wp\/v2\/types\/page"}],"author":[{"embeddable":true,"href":"https:\/\/celt.com.ar\/site\/index.php\/wp-json\/wp\/v2\/users\/1"}],"replies":[{"embeddable":true,"href":"https:\/\/celt.com.ar\/site\/index.php\/wp-json\/wp\/v2\/comments?post=537"}],"version-history":[{"count":151,"href":"https:\/\/celt.com.ar\/site\/index.php\/wp-json\/wp\/v2\/pages\/537\/revisions"}],"predecessor-version":[{"id":1527,"href":"https:\/\/celt.com.ar\/site\/index.php\/wp-json\/wp\/v2\/pages\/537\/revisions\/1527"}],"wp:attachment":[{"href":"https:\/\/celt.com.ar\/site\/index.php\/wp-json\/wp\/v2\/media?parent=537"}],"curies":[{"name":"wp","href":"https:\/\/api.w.org\/{rel}","templated":true}]}}